{"id":251,"date":"2012-07-11T22:53:58","date_gmt":"2012-07-11T20:53:58","guid":{"rendered":"http:\/\/www.osteopathie-kloten.ch\/wordpress\/?page_id=251"},"modified":"2025-01-26T17:24:46","modified_gmt":"2025-01-26T16:24:46","slug":"startseite","status":"publish","type":"page","link":"https:\/\/www.osteopathie-kloten.ch\/wordpress\/","title":{"rendered":"Herzlich willkommen"},"content":{"rendered":"<p><strong>\u00a0<\/strong><\/p>\n<p><img loading=\"lazy\" decoding=\"async\" class=\"alignnone wp-image-571 size-medium\" src=\"https:\/\/www.osteopathie-kloten.ch:443\/wordpress\/wp-content\/uploads\/2025\/01\/Taktil_Team-300x200.jpg\" alt=\"Unser Team\" width=\"300\" height=\"200\" srcset=\"https:\/\/www.osteopathie-kloten.ch:443\/wordpress\/wp-content\/uploads\/2025\/01\/Taktil_Team-300x200.jpg 300w, https:\/\/www.osteopathie-kloten.ch:443\/wordpress\/wp-content\/uploads\/2025\/01\/Taktil_Team-1024x683.jpg 1024w, https:\/\/www.osteopathie-kloten.ch:443\/wordpress\/wp-content\/uploads\/2025\/01\/Taktil_Team-768x512.jpg 768w, https:\/\/www.osteopathie-kloten.ch:443\/wordpress\/wp-content\/uploads\/2025\/01\/Taktil_Team-1536x1024.jpg 1536w, https:\/\/www.osteopathie-kloten.ch:443\/wordpress\/wp-content\/uploads\/2025\/01\/Taktil_Team-2048x1365.jpg 2048w, https:\/\/www.osteopathie-kloten.ch:443\/wordpress\/wp-content\/uploads\/2025\/01\/Taktil_Team-800x533.jpg 800w\" sizes=\"auto, (max-width: 300px) 100vw, 300px\" \/><\/p>\n<p>Meine Praxis f\u00fchre ich geleitet von dem Gedanken, den Patienten mit seinen Bed\u00fcrfnissen in seiner Gesamtheit und Komplexit\u00e4t wahrzunehmen.<br \/>\nF\u00fcr mich beruht eine erfolgreiche therapeutische Behandlung auf Vertrauen und Offenheit.<\/p>\n<p>Mit meiner Praxis schaffe ich eine Atmosph\u00e4re, die diese Voraussetzungen optimal unterst\u00fctzt.<\/p>\n<p>Wie Sie sicherlich aus den Medien bereits erfahren haben, ist es mir aufgrund einer Gesetzes\u00e4nderung seit Februar 2025 nicht mehr erlaubt, meine therapeutische Leistung als &#8222;Osteopathie&#8220; anzubieten &#8211; sebstverst\u00e4ndlich bleiben die bew\u00e4hrten Inhalte und Vorgensweise in der Therapie bestehen.<\/p>\n<p>Sie finden mein Team und mich in der Ifangstr. 12 (Zum Wilden Mann Nord).<br \/>\nEine gute Verkehrsanbindung sowie Parkgelegenheiten vor Ort erm\u00f6glichen eine entspannte und unkomplizierte <span style=\"color: #000000;\">Anfahrt<\/span>.<\/p>\n<p>Wenn Sie Fragen haben, freue ich mich \u00fcber Ihren Anruf oder eine E-Mail.<br \/>\nF\u00fcr die Buchung eines Termins finden Sie meine Sprechzeiten und die M\u00f6glichkeit zur <strong><span style=\"color: #000000;\"><a style=\"color: #000000;\" href=\"https:\/\/www.tbooking.ch\/de\/taktil-therapie-gmbh\/2986-3413\">Online-Terminbuchung<\/a><\/span><\/strong> hier.<br \/>\nBesuchen Sie auch unsere neue Homepage unter:<br \/>\n<a href=\"https:\\\\www.taktil-therapie.ch\"><strong>www.taktil-therapie.ch<\/strong><\/a><\/p>\n<p><a href=\"http:\/\/www.taktil-therapie.ch\"><img loading=\"lazy\" decoding=\"async\" class=\"alignleft wp-image-557 size-medium\" src=\"https:\/\/www.osteopathie-kloten.ch:443\/wordpress\/wp-content\/uploads\/2022\/06\/LOGO_Taktil-300x63.jpg\" alt=\"\" width=\"300\" height=\"63\" srcset=\"https:\/\/www.osteopathie-kloten.ch:443\/wordpress\/wp-content\/uploads\/2022\/06\/LOGO_Taktil-300x63.jpg 300w, https:\/\/www.osteopathie-kloten.ch:443\/wordpress\/wp-content\/uploads\/2022\/06\/LOGO_Taktil-768x162.jpg 768w, https:\/\/www.osteopathie-kloten.ch:443\/wordpress\/wp-content\/uploads\/2022\/06\/LOGO_Taktil-800x168.jpg 800w, https:\/\/www.osteopathie-kloten.ch:443\/wordpress\/wp-content\/uploads\/2022\/06\/LOGO_Taktil.jpg 874w\" sizes=\"auto, (max-width: 300px) 100vw, 300px\" \/><\/a><\/p>\n","protected":false},"excerpt":{"rendered":"<p>\u00a0 Meine Praxis f\u00fchre ich geleitet von dem Gedanken, den Patienten mit seinen Bed\u00fcrfnissen in seiner Gesamtheit und Komplexit\u00e4t wahrzunehmen. F\u00fcr mich beruht eine erfolgreiche therapeutische Behandlung auf Vertrauen und Offenheit. Mit meiner Praxis schaffe ich eine Atmosph\u00e4re, die diese &hellip; <a href=\"https:\/\/www.osteopathie-kloten.ch\/wordpress\/\">Weiterlesen <span class=\"meta-nav\">&rarr;<\/span><\/a><\/p>\n","protected":false},"author":1,"featured_media":0,"parent":0,"menu_order":0,"comment_status":"closed","ping_status":"closed","template":"","meta":{"footnotes":""},"class_list":["post-251","page","type-page","status-publish","hentry"],"_links":{"self":[{"href":"https:\/\/www.osteopathie-kloten.ch\/wordpress\/wp-json\/wp\/v2\/pages\/251","targetHints":{"allow":["GET"]}}],"collection":[{"href":"https:\/\/www.osteopathie-kloten.ch\/wordpress\/wp-json\/wp\/v2\/pages"}],"about":[{"href":"https:\/\/www.osteopathie-kloten.ch\/wordpress\/wp-json\/wp\/v2\/types\/page"}],"author":[{"embeddable":true,"href":"https:\/\/www.osteopathie-kloten.ch\/wordpress\/wp-json\/wp\/v2\/users\/1"}],"replies":[{"embeddable":true,"href":"https:\/\/www.osteopathie-kloten.ch\/wordpress\/wp-json\/wp\/v2\/comments?post=251"}],"version-history":[{"count":60,"href":"https:\/\/www.osteopathie-kloten.ch\/wordpress\/wp-json\/wp\/v2\/pages\/251\/revisions"}],"predecessor-version":[{"id":578,"href":"https:\/\/www.osteopathie-kloten.ch\/wordpress\/wp-json\/wp\/v2\/pages\/251\/revisions\/578"}],"wp:attachment":[{"href":"https:\/\/www.osteopathie-kloten.ch\/wordpress\/wp-json\/wp\/v2\/media?parent=251"}],"curies":[{"name":"wp","href":"https:\/\/api.w.org\/{rel}","templated":true}]}}